{"id":1154,"date":"2022-09-23T12:35:51","date_gmt":"2022-09-23T10:35:51","guid":{"rendered":"https:\/\/stenasacom1.wpenginepowered.com\/?page_id=1154"},"modified":"2024-10-29T22:49:31","modified_gmt":"2024-10-29T21:49:31","slug":"evenemang-2022","status":"publish","type":"page","link":"https:\/\/stenasa.com\/de\/evenemang-2022\/","title":{"rendered":"Evenemang 2025"},"content":{"rendered":"<p><strong>V\u00e4lkommen till Caf\u00e9 Strandp\u00e4rlan vid Sten\u00e5sa Stugor &amp; Camping<\/strong><\/p>\n<ul class=\"gallery columns-4\"><li class=\"gallery-item\"><a href='https:\/\/stenasa.com\/de\/gunnar-d-2019\/'><img loading=\"lazy\" decoding=\"async\" width=\"320\" height=\"320\" src=\"https:\/\/stenasa.com\/wp-content\/uploads\/2020\/03\/Gunnar-D.2019-320x320.jpg\" class=\"attachment-thumbnail size-thumbnail\" alt=\"\" \/><\/a><span class=\"gallery-caption\">Gunnar Danielsson<\/span><\/li><li class=\"gallery-item\"><a href='https:\/\/stenasa.com\/de\/evenemang\/2019-07-31-comedymagic-fredrik-karlsson-stenasa\/'><img loading=\"lazy\" decoding=\"async\" width=\"320\" height=\"320\" src=\"https:\/\/stenasa.com\/wp-content\/uploads\/2020\/03\/Comedy-Magic-320x320.jpg\" class=\"attachment-thumbnail size-thumbnail\" alt=\"\" \/><\/a><span class=\"gallery-caption\">Comedy Magic - Fredrik Karlsson<\/span><\/li><li class=\"gallery-item\"><a href='https:\/\/stenasa.com\/de\/bullens-band-1\/'><img loading=\"lazy\" decoding=\"async\" width=\"320\" height=\"320\" src=\"https:\/\/stenasa.com\/wp-content\/uploads\/2020\/03\/Bullens-Band-1-320x320.jpg\" class=\"attachment-thumbnail size-thumbnail\" alt=\"\" \/><\/a><span class=\"gallery-caption\">Bullens Band<\/span><\/li><li class=\"gallery-item\"><a href='https:\/\/stenasa.com\/de\/evenemang\/2019-07-24-malene-langborg-stenasa\/'><img loading=\"lazy\" decoding=\"async\" width=\"320\" height=\"320\" src=\"https:\/\/stenasa.com\/wp-content\/uploads\/2020\/03\/Malenes-trubadurkv\u00e4ll-2019-07-24-320x320.jpg\" class=\"attachment-thumbnail size-thumbnail\" alt=\"\" \/><\/a><span class=\"gallery-caption\">Malene Langborg<\/span><\/li><\/ul>\n<p><strong>M\u00e5ndagen den xx<\/strong><br \/>\nxx<\/p>\n<p><strong>Onsdagen den xx<\/strong><br \/>\nxx<\/p>\n<p><strong>Onsdagen den xx<\/strong><br \/>\n<em>xx<\/em><\/p>\n<p><strong>Onsdagen den xx<\/strong><br \/>\nxx<\/p>\n<p><strong>Onsdagen den xx<\/strong><br \/>\nxx<\/p>\n<p><strong>Onsdagen den xx<\/strong><br \/>\nxx<\/p>\n","protected":false},"excerpt":{"rendered":"<p>V\u00e4lkommen till Caf\u00e9 Strandp\u00e4rlan vid Sten\u00e5sa Stugor &amp; Camping M\u00e5ndagen den xx xx Onsdagen den xx xx Onsdagen den xx xx Onsdagen den xx xx Onsdagen den xx xx Onsdagen den xx xx<\/p>\n","protected":false},"author":2,"featured_media":1744,"parent":0,"menu_order":0,"comment_status":"closed","ping_status":"closed","template":"","meta":{"_acf_changed":false,"_monsterinsights_skip_tracking":false,"_monsterinsights_sitenote_active":false,"_monsterinsights_sitenote_note":"","_monsterinsights_sitenote_category":0,"footnotes":""},"class_list":["post-1154","page","type-page","status-publish","has-post-thumbnail","hentry"],"acf":[],"yoast_head":"<!-- This site is optimized with the Yoast SEO plugin v27.3 - https:\/\/yoast.com\/product\/yoast-seo-wordpress\/ -->\n<title>Evenemang 2025 - Camping, Stugor &amp; St\u00e4llplatser p\u00e5 \u00d6land - Sten\u00e5sa<\/title>\n<meta name=\"description\" content=\"V\u00e4lkommen till Caf\u00e9 Strandp\u00e4rlan vid Sten\u00e5sa Stugor &amp; Camping M\u00e5ndagen den xx xx Onsdagen den xx xx Onsdagen den xx xx Onsdagen den xx xx Onsdagen den\" \/>\n<meta name=\"robots\" content=\"index, follow, max-snippet:-1, max-image-preview:large, max-video-preview:-1\" \/>\n<link rel=\"canonical\" href=\"https:\/\/stenasa.com\/evenemang-2022\/?lang=de\" \/>\n<meta property=\"og:locale\" content=\"de_DE\" \/>\n<meta property=\"og:type\" content=\"article\" \/>\n<meta property=\"og:title\" content=\"Evenemang 2025 - Camping, Stugor &amp; St\u00e4llplatser p\u00e5 \u00d6land - Sten\u00e5sa\" \/>\n<meta property=\"og:description\" content=\"V\u00e4lkommen till Caf\u00e9 Strandp\u00e4rlan vid Sten\u00e5sa Stugor &amp; Camping M\u00e5ndagen den xx xx Onsdagen den xx xx Onsdagen den xx xx Onsdagen den xx xx Onsdagen den\" \/>\n<meta property=\"og:url\" content=\"https:\/\/stenasa.com\/evenemang-2022\/?lang=de\" \/>\n<meta property=\"og:site_name\" content=\"Camping, Stugor &amp; St\u00e4llplatser p\u00e5 \u00d6land - Sten\u00e5sa\" \/>\n<meta property=\"article:modified_time\" content=\"2024-10-29T21:49:31+00:00\" \/>\n<meta property=\"og:image\" content=\"https:\/\/stenasa.com\/wp-content\/uploads\/2023\/04\/20220728_205156-scaled.jpg\" \/>\n\t<meta property=\"og:image:width\" content=\"2560\" \/>\n\t<meta property=\"og:image:height\" content=\"1920\" \/>\n\t<meta property=\"og:image:type\" content=\"image\/jpeg\" \/>\n<meta name=\"twitter:card\" content=\"summary_large_image\" \/>\n<meta name=\"twitter:label1\" content=\"Est. reading time\" \/>\n\t<meta name=\"twitter:data1\" content=\"1 minute\" \/>\n<script type=\"application\/ld+json\" class=\"yoast-schema-graph\">{\"@context\":\"https:\\\/\\\/schema.org\",\"@graph\":[{\"@type\":\"WebPage\",\"@id\":\"https:\\\/\\\/stenasa.com\\\/evenemang-2022\\\/?lang=de\",\"url\":\"https:\\\/\\\/stenasa.com\\\/evenemang-2022\\\/?lang=de\",\"name\":\"Evenemang 2025 - Camping, Stugor &amp; St\u00e4llplatser p\u00e5 \u00d6land - Sten\u00e5sa\",\"isPartOf\":{\"@id\":\"https:\\\/\\\/stenasa.com\\\/#website\"},\"primaryImageOfPage\":{\"@id\":\"https:\\\/\\\/stenasa.com\\\/evenemang-2022\\\/?lang=de#primaryimage\"},\"image\":{\"@id\":\"https:\\\/\\\/stenasa.com\\\/evenemang-2022\\\/?lang=de#primaryimage\"},\"thumbnailUrl\":\"https:\\\/\\\/stenasa.com\\\/wp-content\\\/uploads\\\/2022\\\/11\\\/OI0000452.jpg\",\"datePublished\":\"2022-09-23T10:35:51+00:00\",\"dateModified\":\"2024-10-29T21:49:31+00:00\",\"description\":\"V\u00e4lkommen till Caf\u00e9 Strandp\u00e4rlan vid Sten\u00e5sa Stugor &amp; Camping M\u00e5ndagen den xx xx Onsdagen den xx xx Onsdagen den xx xx Onsdagen den xx xx Onsdagen den\",\"breadcrumb\":{\"@id\":\"https:\\\/\\\/stenasa.com\\\/evenemang-2022\\\/?lang=de#breadcrumb\"},\"inLanguage\":\"de-DE\",\"potentialAction\":[{\"@type\":\"ReadAction\",\"target\":[\"https:\\\/\\\/stenasa.com\\\/evenemang-2022\\\/?lang=de\"]}]},{\"@type\":\"ImageObject\",\"inLanguage\":\"de-DE\",\"@id\":\"https:\\\/\\\/stenasa.com\\\/evenemang-2022\\\/?lang=de#primaryimage\",\"url\":\"https:\\\/\\\/stenasa.com\\\/wp-content\\\/uploads\\\/2022\\\/11\\\/OI0000452.jpg\",\"contentUrl\":\"https:\\\/\\\/stenasa.com\\\/wp-content\\\/uploads\\\/2022\\\/11\\\/OI0000452.jpg\",\"width\":1340,\"height\":1441,\"caption\":\"Hornugglan\"},{\"@type\":\"BreadcrumbList\",\"@id\":\"https:\\\/\\\/stenasa.com\\\/evenemang-2022\\\/?lang=de#breadcrumb\",\"itemListElement\":[{\"@type\":\"ListItem\",\"position\":1,\"name\":\"Home\",\"item\":\"https:\\\/\\\/stenasa.com\\\/?lang=de\"},{\"@type\":\"ListItem\",\"position\":2,\"name\":\"Evenemang 2025\"}]},{\"@type\":\"WebSite\",\"@id\":\"https:\\\/\\\/stenasa.com\\\/#website\",\"url\":\"https:\\\/\\\/stenasa.com\\\/\",\"name\":\"Camping, Stugor &amp; St\u00e4llplatser p\u00e5 \u00d6land - Sten\u00e5sa\",\"description\":\"\",\"publisher\":{\"@id\":\"https:\\\/\\\/stenasa.com\\\/#organization\"},\"potentialAction\":[{\"@type\":\"SearchAction\",\"target\":{\"@type\":\"EntryPoint\",\"urlTemplate\":\"https:\\\/\\\/stenasa.com\\\/?s={search_term_string}\"},\"query-input\":{\"@type\":\"PropertyValueSpecification\",\"valueRequired\":true,\"valueName\":\"search_term_string\"}}],\"inLanguage\":\"de-DE\"},{\"@type\":\"Organization\",\"@id\":\"https:\\\/\\\/stenasa.com\\\/#organization\",\"name\":\"Camping, Stugor &amp; St\u00e4llplatser p\u00e5 \u00d6land - Sten\u00e5sa\",\"url\":\"https:\\\/\\\/stenasa.com\\\/\",\"logo\":{\"@type\":\"ImageObject\",\"inLanguage\":\"de-DE\",\"@id\":\"https:\\\/\\\/stenasa.com\\\/#\\\/schema\\\/logo\\\/image\\\/\",\"url\":\"https:\\\/\\\/stenasa.com\\\/wp-content\\\/uploads\\\/2020\\\/01\\\/cropped-logo.png\",\"contentUrl\":\"https:\\\/\\\/stenasa.com\\\/wp-content\\\/uploads\\\/2020\\\/01\\\/cropped-logo.png\",\"width\":198,\"height\":100,\"caption\":\"Camping, Stugor &amp; St\u00e4llplatser p\u00e5 \u00d6land - Sten\u00e5sa\"},\"image\":{\"@id\":\"https:\\\/\\\/stenasa.com\\\/#\\\/schema\\\/logo\\\/image\\\/\"}}]}<\/script>\n<!-- \/ Yoast SEO plugin. -->","yoast_head_json":{"title":"Evenemang 2025 - Camping, Stugor &amp; St\u00e4llplatser p\u00e5 \u00d6land - Sten\u00e5sa","description":"V\u00e4lkommen till Caf\u00e9 Strandp\u00e4rlan vid Sten\u00e5sa Stugor &amp; Camping M\u00e5ndagen den xx xx Onsdagen den xx xx Onsdagen den xx xx Onsdagen den xx xx Onsdagen den","robots":{"index":"index","follow":"follow","max-snippet":"max-snippet:-1","max-image-preview":"max-image-preview:large","max-video-preview":"max-video-preview:-1"},"canonical":"https:\/\/stenasa.com\/evenemang-2022\/?lang=de","og_locale":"de_DE","og_type":"article","og_title":"Evenemang 2025 - Camping, Stugor &amp; St\u00e4llplatser p\u00e5 \u00d6land - Sten\u00e5sa","og_description":"V\u00e4lkommen till Caf\u00e9 Strandp\u00e4rlan vid Sten\u00e5sa Stugor &amp; Camping M\u00e5ndagen den xx xx Onsdagen den xx xx Onsdagen den xx xx Onsdagen den xx xx Onsdagen den","og_url":"https:\/\/stenasa.com\/evenemang-2022\/?lang=de","og_site_name":"Camping, Stugor &amp; St\u00e4llplatser p\u00e5 \u00d6land - Sten\u00e5sa","article_modified_time":"2024-10-29T21:49:31+00:00","og_image":[{"width":2560,"height":1920,"url":"https:\/\/stenasa.com\/wp-content\/uploads\/2023\/04\/20220728_205156-scaled.jpg","type":"image\/jpeg"}],"twitter_card":"summary_large_image","twitter_misc":{"Est. reading time":"1 minute"},"schema":{"@context":"https:\/\/schema.org","@graph":[{"@type":"WebPage","@id":"https:\/\/stenasa.com\/evenemang-2022\/?lang=de","url":"https:\/\/stenasa.com\/evenemang-2022\/?lang=de","name":"Evenemang 2025 - Camping, Stugor &amp; St\u00e4llplatser p\u00e5 \u00d6land - Sten\u00e5sa","isPartOf":{"@id":"https:\/\/stenasa.com\/#website"},"primaryImageOfPage":{"@id":"https:\/\/stenasa.com\/evenemang-2022\/?lang=de#primaryimage"},"image":{"@id":"https:\/\/stenasa.com\/evenemang-2022\/?lang=de#primaryimage"},"thumbnailUrl":"https:\/\/stenasa.com\/wp-content\/uploads\/2022\/11\/OI0000452.jpg","datePublished":"2022-09-23T10:35:51+00:00","dateModified":"2024-10-29T21:49:31+00:00","description":"V\u00e4lkommen till Caf\u00e9 Strandp\u00e4rlan vid Sten\u00e5sa Stugor &amp; Camping M\u00e5ndagen den xx xx Onsdagen den xx xx Onsdagen den xx xx Onsdagen den xx xx Onsdagen den","breadcrumb":{"@id":"https:\/\/stenasa.com\/evenemang-2022\/?lang=de#breadcrumb"},"inLanguage":"de-DE","potentialAction":[{"@type":"ReadAction","target":["https:\/\/stenasa.com\/evenemang-2022\/?lang=de"]}]},{"@type":"ImageObject","inLanguage":"de-DE","@id":"https:\/\/stenasa.com\/evenemang-2022\/?lang=de#primaryimage","url":"https:\/\/stenasa.com\/wp-content\/uploads\/2022\/11\/OI0000452.jpg","contentUrl":"https:\/\/stenasa.com\/wp-content\/uploads\/2022\/11\/OI0000452.jpg","width":1340,"height":1441,"caption":"Hornugglan"},{"@type":"BreadcrumbList","@id":"https:\/\/stenasa.com\/evenemang-2022\/?lang=de#breadcrumb","itemListElement":[{"@type":"ListItem","position":1,"name":"Home","item":"https:\/\/stenasa.com\/?lang=de"},{"@type":"ListItem","position":2,"name":"Evenemang 2025"}]},{"@type":"WebSite","@id":"https:\/\/stenasa.com\/#website","url":"https:\/\/stenasa.com\/","name":"Camping, Stugor &amp; St\u00e4llplatser p\u00e5 \u00d6land - Sten\u00e5sa","description":"","publisher":{"@id":"https:\/\/stenasa.com\/#organization"},"potentialAction":[{"@type":"SearchAction","target":{"@type":"EntryPoint","urlTemplate":"https:\/\/stenasa.com\/?s={search_term_string}"},"query-input":{"@type":"PropertyValueSpecification","valueRequired":true,"valueName":"search_term_string"}}],"inLanguage":"de-DE"},{"@type":"Organization","@id":"https:\/\/stenasa.com\/#organization","name":"Camping, Stugor &amp; St\u00e4llplatser p\u00e5 \u00d6land - Sten\u00e5sa","url":"https:\/\/stenasa.com\/","logo":{"@type":"ImageObject","inLanguage":"de-DE","@id":"https:\/\/stenasa.com\/#\/schema\/logo\/image\/","url":"https:\/\/stenasa.com\/wp-content\/uploads\/2020\/01\/cropped-logo.png","contentUrl":"https:\/\/stenasa.com\/wp-content\/uploads\/2020\/01\/cropped-logo.png","width":198,"height":100,"caption":"Camping, Stugor &amp; St\u00e4llplatser p\u00e5 \u00d6land - Sten\u00e5sa"},"image":{"@id":"https:\/\/stenasa.com\/#\/schema\/logo\/image\/"}}]}},"_links":{"self":[{"href":"https:\/\/stenasa.com\/de\/wp-json\/wp\/v2\/pages\/1154","targetHints":{"allow":["GET"]}}],"collection":[{"href":"https:\/\/stenasa.com\/de\/wp-json\/wp\/v2\/pages"}],"about":[{"href":"https:\/\/stenasa.com\/de\/wp-json\/wp\/v2\/types\/page"}],"author":[{"embeddable":true,"href":"https:\/\/stenasa.com\/de\/wp-json\/wp\/v2\/users\/2"}],"replies":[{"embeddable":true,"href":"https:\/\/stenasa.com\/de\/wp-json\/wp\/v2\/comments?post=1154"}],"version-history":[{"count":0,"href":"https:\/\/stenasa.com\/de\/wp-json\/wp\/v2\/pages\/1154\/revisions"}],"wp:featuredmedia":[{"embeddable":true,"href":"https:\/\/stenasa.com\/de\/wp-json\/wp\/v2\/media\/1744"}],"wp:attachment":[{"href":"https:\/\/stenasa.com\/de\/wp-json\/wp\/v2\/media?parent=1154"}],"curies":[{"name":"wp","href":"https:\/\/api.w.org\/{rel}","templated":true}]}}